{"id":1395,"date":"2022-04-18T07:13:56","date_gmt":"2022-04-18T05:13:56","guid":{"rendered":"http:\/\/fastwpdemo.com\/newwp\/homlane\/?page_id=1395"},"modified":"2025-02-03T08:49:23","modified_gmt":"2025-02-03T07:49:23","slug":"locksmith","status":"publish","type":"page","link":"https:\/\/artisan-depanneur.com\/","title":{"rendered":"Artisan D\u00e9panneur"},"content":{"rendered":"\t\t<div data-elementor-type=\"wp-page\" data-elementor-id=\"1395\" class=\"elementor elementor-1395\">\n\t\t\t\t\t\t<section class=\"elementor-section elementor-top-section elementor-element elementor-element-d8254a4 elementor-section-full_width elementor-section-height-default elementor-section-height-default\" data-id=\"d8254a4\" data-element_type=\"section\">\n\t\t\t\t\t\t<div class=\"elementor-container elementor-column-gap-default\">\n\t\t\t\t\t<div class=\"elementor-column elementor-col-100 elementor-top-column elementor-element elementor-element-e40acbc\" data-id=\"e40acbc\" data-element_type=\"column\">\n\t\t\t<div class=\"elementor-widget-wrap elementor-element-populated\">\n\t\t\t\t\t\t<div class=\"elementor-element elementor-element-d82e11c elementor-widget elementor-widget-homlane_ta_banner_v7\" data-id=\"d82e11c\" data-element_type=\"widget\" data-widget_type=\"homlane_ta_banner_v7.default\">\n\t\t\t\t<div class=\"elementor-widget-container\">\n\t\t\t\t\n\t<!-- main-slider -->\n\t<section class=\"slider-style-three\">\n\t\t<div class=\"outer-container\">\n\t\t\t<div class=\"bg-layer\"><\/div>\n\t\t\t<figure class=\"image-layer\"><img decoding=\"async\" src=\"https:\/\/artisan-depanneur.com\/wp-content\/uploads\/2023\/11\/artisan-depanneur-1.jpg\" alt=\"Awesome Image\"><\/figure>\t\t\t<div class=\"banner-carousel owl-theme owl-carousel owl-dots-none owl-nav-none\">\n\t\t\t\t\t\t\t\t<div class=\"slide-item\">\n\t\t\t\t\t<div class=\"container\">\n\t\t\t\t\t\t<div class=\"content-box\">\n\t\t\t\t\t\t\t\t\t\t\t\t\t\t<h2>Service de Serrurier et Plomberie rapide est \u00e0 des prix abordables<\/h2>\t\t\t\t\t\t\t<p>Nous vous offrons un service d\u2019urgence dot\u00e9 d\u2019un savoir-faire de qualit\u00e9. Nos techniciens, vous garantissent une disponibilit\u00e9 en semaine comme en week-end, faites appel \u00e0 nous.<\/p>\t\t\t\t\t\t\t\t\t\t\t\t\t\t<div class=\"btn-box\">\n\t\t\t\t\t\t\t\t<a href=\"tel:+33187201670\" class=\"theme-btn-two\"><span>+33 1 84 20 16 70<\/span><\/a>\n\t\t\t\t\t\t\t<\/div>\n\t\t\t\t\t\t\t\t\t\t\t\t\t<\/div>  \n\t\t\t\t\t<\/div>\n\t\t\t\t<\/div>\n\t\t\t\t\t\t\t<\/div>\n\t\t<\/div>\n\t\t\t\t<div class=\"lower-box\">\n\t\t\t<h2>Disponible en Urgence ou sur rendez-vous !<\/h2>\n\t\t\t<div class=\"text\">\n\t\t\t\t<h3>Appelez-Nous <a href=\"tel:+33184201670\"> <i class=\"icon flaticon-telephone\"><\/i> +33 1 84 20 16 70 <\/a>  ou <\/h3>\n\t\t\t\t<div class=\"line\"><\/div>\n\t\t\t\t<h4><a href=\"#contact\"><i class=\"fa fa-envelope-o\"><\/i>  Contactez-nous<\/a><\/h4>\n\t\t\t<\/div>\n\t\t<\/div>\n\t\t\t<\/section>\n\t<!-- main-slider end -->\n\t\n\t\t\t<\/div>\n\t\t\t\t<\/div>\n\t\t\t\t\t<\/div>\n\t\t<\/div>\n\t\t\t\t\t<\/div>\n\t\t<\/section>\n\t\t\t\t<section class=\"elementor-section elementor-top-section elementor-element elementor-element-c30ed08 elementor-section-full_width elementor-section-height-default elementor-section-height-default\" data-id=\"c30ed08\" data-element_type=\"section\" data-settings=\"{&quot;background_background&quot;:&quot;slideshow&quot;,&quot;background_slideshow_gallery&quot;:[],&quot;background_slideshow_loop&quot;:&quot;yes&quot;,&quot;background_slideshow_slide_duration&quot;:5000,&quot;background_slideshow_slide_transition&quot;:&quot;fade&quot;,&quot;background_slideshow_transition_duration&quot;:500}\">\n\t\t\t\t\t\t<div class=\"elementor-container elementor-column-gap-default\">\n\t\t\t\t\t<div class=\"elementor-column elementor-col-100 elementor-top-column elementor-element elementor-element-f597281\" data-id=\"f597281\" data-element_type=\"column\" data-settings=\"{&quot;background_background&quot;:&quot;classic&quot;}\">\n\t\t\t<div class=\"elementor-widget-wrap elementor-element-populated\">\n\t\t\t\t\t\t<div class=\"elementor-element elementor-element-1b5c3b7 elementor-widget elementor-widget-homlane_ta_why_choose_us\" data-id=\"1b5c3b7\" data-element_type=\"widget\" data-widget_type=\"homlane_ta_why_choose_us.default\">\n\t\t\t\t<div class=\"elementor-widget-container\">\n\t\t\t    \n    <!-- chooseus-style-two -->\n    <section class=\"chooseus-style-two\">\n        <div class=\"container\">\n            <div class=\"chooseus-inner\">\n                <div class=\"row clearfix\">\n                    <div class=\"col-lg-5 col-md-12 col-sm-12 image-column\">\n                        <div class=\"image_block_three\">\n                            <div class=\"image-box\">\n                                <figure class=\"image image-1\"><img decoding=\"async\" src=\"https:\/\/artisan-depanneur.com\/wp-content\/uploads\/2023\/10\/7.jpg\" alt=\"Awesome Image\"><\/figure>                                <figure class=\"image image-2\"><img decoding=\"async\" src=\"https:\/\/artisan-depanneur.com\/wp-content\/uploads\/2023\/10\/9.jpg\" alt=\"Awesome Image\"><\/figure>                                <h5>ARTISAN DEPANNEUR<\/h5>                            <\/div>\n                        <\/div>\n                    <\/div>\n                    <div class=\"col-lg-7 col-md-12 col-sm-12 content-column\">\n                        <div class=\"content_block_six\">\n                            <div class=\"content-box\">\n                                                                <div class=\"sec-title-two\">\n                                    <span class=\"sub-title\"> VOUS PROPOSE DES SERVICES SUR MESURE !<\/span>                                    <h2>Serrurier et Plombier<\/h2>                                <\/div>\n                                                                                                <div class=\"text\">\n                                    <p>D\u00e9bouchage de WC, recherche de fuite douche et baignoire, r\u00e9paration d'une fuite du tuyau d'\u00e9vacuation.\n\nOuverture de porte ferm\u00e9e \u00e0 cl\u00e9 et claquer,changement de serrure,cl\u00e9s cass\u00e9es dans la serrure, nous y sommes tous confront\u00e9s un jour. Lorsque l'inondation menace et que la pression monte, ayez le bon r\u00e9flexe et faites confiance \u00e0 Artisan-depanneur.com.<\/p>\n                                <\/div>\n                                                                <div class=\"inner-box\">\n                                    \t\t\t\t\t\t\t\t\t<ul class=\"list-style-one clearfix\">\n\t\t\t\t\t\t\t\t\t\t\t\t\t\t\t\t\t\t   <li>Utilisez les meilleurs mat\u00e9riaux et la meilleure main-d\u2019\u0153uvre dans chaque projet.<\/li>\n\t\t\t\t\t\t\t\t\t\t\t\t\t\t\t\t\t\t   <li>Int\u00e9grit\u00e9 et honn\u00eatet\u00e9  et confiance.<\/li>\n\t\t\t\t\t\t\t\t\t\t\t\t\t\t\t\t\t\t   <li>Des prix abordables et justes.<\/li>\n\t\t\t\t\t\t\t\t\t\t\t\t\t\t\t\t\t\t   <li>Agr\u00e9\u00e9 et assur\u00e9<\/li>\n\t\t\t\t\t\t\t\t\t\t\t\t\t\t\t\t\t\t<\/ul>\n\t\t\t\t\t\t\t\t\t                                                                        <div class=\"inner centred\">\n                                        <div class=\"icon-box\"><i class=\"flaticon-satisfaction\"><\/i><\/div>\n                                        <h4>+33 1 84 20 16 70<\/h4>\n                                    <\/div>\n                                                                    <\/div>\n                            <\/div>\n                        <\/div>\n                    <\/div>\n                <\/div>\n            <\/div>\n                    <\/div>\n    <\/section>\n    <!-- chooseus-style-two end -->\n\n        \t\t<\/div>\n\t\t\t\t<\/div>\n\t\t\t\t\t<\/div>\n\t\t<\/div>\n\t\t\t\t\t<\/div>\n\t\t<\/section>\n\t\t\t\t<section class=\"elementor-section elementor-top-section elementor-element elementor-element-6531353 elementor-section-full_width elementor-section-height-default elementor-section-height-default\" data-id=\"6531353\" data-element_type=\"section\" id=\"services\" data-settings=\"{&quot;background_background&quot;:&quot;gradient&quot;}\">\n\t\t\t\t\t\t<div class=\"elementor-container elementor-column-gap-default\">\n\t\t\t\t\t<div class=\"elementor-column elementor-col-100 elementor-top-column elementor-element elementor-element-55c049d\" data-id=\"55c049d\" data-element_type=\"column\">\n\t\t\t<div class=\"elementor-widget-wrap elementor-element-populated\">\n\t\t\t\t\t\t<div class=\"elementor-element elementor-element-062dca6 elementor-widget elementor-widget-homlane_ta_our_services_v5\" data-id=\"062dca6\" data-element_type=\"widget\" data-widget_type=\"homlane_ta_our_services_v5.default\">\n\t\t\t\t<div class=\"elementor-widget-container\">\n\t\t\t    \n\t<!-- service-style-seven -->\n\t<section class=\"service-style-seven\">\n\t\t<div class=\"container\">\n\t\t\t\t\t\t<div class=\"sec-title-two centred\">\n\t\t\t\t<span class=\"sub-title\">Nos services<\/span>\t\t\t\t<h2>Services de Serrurier et Plomberie<\/h2>\t\t\t<\/div>\n\t\t\t\t\t\t<div class=\"row clearfix\">\n\t\t\t\t\t\t\t\t<div class=\"col-lg-4 col-md-6 col-sm-12 service-block\">\n\t\t\t\t\t<div class=\"service-block-seven\">\n\t\t\t\t\t\t<div class=\"inner-box\">\n\t\t\t\t\t\t\t<div class=\"icon-box\"><i class=\"icon flaticon-locksmith\"><\/i><\/div>\n\t\t\t\t\t\t\t<h3><a href=\"\">Ouverture de porte ferm\u00e9e<\/a><\/h3>\n\t\t\t\t\t\t\t<p>Ouverture de porte ferm\u00e9e \u00e0 cl\u00e9 et claquer<\/p>\n\t\t\t\t\t\t<\/div>\n\t\t\t\t\t<\/div>\n\t\t\t\t<\/div>\n\t\t\t\t\t\t\t\t<div class=\"col-lg-4 col-md-6 col-sm-12 service-block\">\n\t\t\t\t\t<div class=\"service-block-seven\">\n\t\t\t\t\t\t<div class=\"inner-box\">\n\t\t\t\t\t\t\t<div class=\"icon-box\"><i class=\"icon flaticon-key\"><\/i><\/div>\n\t\t\t\t\t\t\t<h3><a href=\"\">Changement de serrure<\/a><\/h3>\n\t\t\t\t\t\t\t<p>Changement de serrure<\/p>\n\t\t\t\t\t\t<\/div>\n\t\t\t\t\t<\/div>\n\t\t\t\t<\/div>\n\t\t\t\t\t\t\t\t<div class=\"col-lg-4 col-md-6 col-sm-12 service-block\">\n\t\t\t\t\t<div class=\"service-block-seven\">\n\t\t\t\t\t\t<div class=\"inner-box\">\n\t\t\t\t\t\t\t<div class=\"icon-box\"><i class=\"icon flaticon-locksmith-1\"><\/i><\/div>\n\t\t\t\t\t\t\t<h3><a href=\"\">Cl\u00e9s cass\u00e9es dans la serrure<\/a><\/h3>\n\t\t\t\t\t\t\t<p>Cl\u00e9s cass\u00e9es dans la serrure<\/p>\n\t\t\t\t\t\t<\/div>\n\t\t\t\t\t<\/div>\n\t\t\t\t<\/div>\n\t\t\t\t\t\t\t\t<div class=\"col-lg-4 col-md-6 col-sm-12 service-block\">\n\t\t\t\t\t<div class=\"service-block-seven\">\n\t\t\t\t\t\t<div class=\"inner-box\">\n\t\t\t\t\t\t\t<div class=\"icon-box\"><i class=\"icon flaticon-pipes\"><\/i><\/div>\n\t\t\t\t\t\t\t<h3><a href=\"\">R\u00e9paration d&rsquo;une panne<\/a><\/h3>\n\t\t\t\t\t\t\t<p>R\u00e9paration d&rsquo;une panne de chasse d&rsquo;eau d&rsquo;un WC simple<\/p>\n\t\t\t\t\t\t<\/div>\n\t\t\t\t\t<\/div>\n\t\t\t\t<\/div>\n\t\t\t\t\t\t\t\t<div class=\"col-lg-4 col-md-6 col-sm-12 service-block\">\n\t\t\t\t\t<div class=\"service-block-seven\">\n\t\t\t\t\t\t<div class=\"inner-box\">\n\t\t\t\t\t\t\t<div class=\"icon-box\"><i class=\"icon flaticon-pipeline\"><\/i><\/div>\n\t\t\t\t\t\t\t<h3><a href=\"\">Nettoyage des canalisations<\/a><\/h3>\n\t\t\t\t\t\t\t<p>Nettoyage des canalisations et d\u00e9bouchage de WC<\/p>\n\t\t\t\t\t\t<\/div>\n\t\t\t\t\t<\/div>\n\t\t\t\t<\/div>\n\t\t\t\t\t\t\t\t<div class=\"col-lg-4 col-md-6 col-sm-12 service-block\">\n\t\t\t\t\t<div class=\"service-block-seven\">\n\t\t\t\t\t\t<div class=\"inner-box\">\n\t\t\t\t\t\t\t<div class=\"icon-box\"><i class=\"icon flaticon-pipe\"><\/i><\/div>\n\t\t\t\t\t\t\t<h3><a href=\"\">R\u00e9paration de fa\u00e7ades et de fuites<\/a><\/h3>\n\t\t\t\t\t\t\t<p>R\u00e9paration de fa\u00e7ades et de fuites<\/p>\n\t\t\t\t\t\t<\/div>\n\t\t\t\t\t<\/div>\n\t\t\t\t<\/div>\n\t\t\t\t\t\t\t<\/div>\n\t\t<\/div>\n\t<\/section>\n\t<!-- service-style-seven end -->\n\n        \t\t<\/div>\n\t\t\t\t<\/div>\n\t\t\t\t<div class=\"elementor-element elementor-element-b84fd08 elementor-align-center elementor-widget elementor-widget-button\" data-id=\"b84fd08\" data-element_type=\"widget\" data-widget_type=\"button.default\">\n\t\t\t\t<div class=\"elementor-widget-container\">\n\t\t\t\t\t<div class=\"elementor-button-wrapper\">\n\t\t\t<a class=\"elementor-button elementor-button-link elementor-size-lg\" href=\"tel:0184201670\">\n\t\t\t\t\t\t<span class=\"elementor-button-content-wrapper\">\n\t\t\t\t\t\t<span class=\"elementor-button-text\">01 84 20 16 70<\/span>\n\t\t<\/span>\n\t\t\t\t\t<\/a>\n\t\t<\/div>\n\t\t\t\t<\/div>\n\t\t\t\t<\/div>\n\t\t\t\t\t<\/div>\n\t\t<\/div>\n\t\t\t\t\t<\/div>\n\t\t<\/section>\n\t\t\t\t<section class=\"elementor-section elementor-top-section elementor-element elementor-element-5b3316a elementor-section-full_width elementor-section-height-default elementor-section-height-default\" data-id=\"5b3316a\" data-element_type=\"section\" data-settings=\"{&quot;background_background&quot;:&quot;slideshow&quot;,&quot;background_slideshow_gallery&quot;:[],&quot;background_slideshow_loop&quot;:&quot;yes&quot;,&quot;background_slideshow_slide_duration&quot;:5000,&quot;background_slideshow_slide_transition&quot;:&quot;fade&quot;,&quot;background_slideshow_transition_duration&quot;:500}\">\n\t\t\t\t\t\t<div class=\"elementor-container elementor-column-gap-default\">\n\t\t\t\t\t<div class=\"elementor-column elementor-col-100 elementor-top-column elementor-element elementor-element-d0f79a5\" data-id=\"d0f79a5\" data-element_type=\"column\">\n\t\t\t<div class=\"elementor-widget-wrap\">\n\t\t\t\t\t\t\t<\/div>\n\t\t<\/div>\n\t\t\t\t\t<\/div>\n\t\t<\/section>\n\t\t\t\t<section class=\"elementor-section elementor-top-section elementor-element elementor-element-4700efb elementor-section-full_width elementor-section-height-default elementor-section-height-default\" data-id=\"4700efb\" data-element_type=\"section\" id=\"projet\">\n\t\t\t\t\t\t<div class=\"elementor-container elementor-column-gap-default\">\n\t\t\t\t\t<div class=\"elementor-column elementor-col-100 elementor-top-column elementor-element elementor-element-672e404 galery-style-five\" data-id=\"672e404\" data-element_type=\"column\">\n\t\t\t<div class=\"elementor-widget-wrap elementor-element-populated\">\n\t\t\t\t\t\t<div class=\"elementor-element elementor-element-43f46f0 elementor-widget elementor-widget-homlane_ta_our_expertises_v2\" data-id=\"43f46f0\" data-element_type=\"widget\" data-widget_type=\"homlane_ta_our_expertises_v2.default\">\n\t\t\t\t<div class=\"elementor-widget-container\">\n\t\t\t    \n\t<!-- value-style-two -->\n\t<section class=\"value-style-two\">\n\t\t\t\t<div class=\"bg-layer\" style=\"background-image: url(https:\/\/artisan-depanneur.com\/wp-content\/uploads\/2023\/11\/3-1.jpg);\"><\/div>\t\t<figure class=\"image-layer\"><img decoding=\"async\" src=\"https:\/\/artisan-depanneur.com\/wp-content\/uploads\/2022\/04\/key-1.png\" alt=\"Awesome Image\"><\/figure>\t\t<div class=\"container\">\n\t\t\t<div class=\"row clearfix\">\n\t\t\t\t\t\t\t\t<div class=\"col-lg-5 col-md-12 col-sm-12 inner-column\">\n\t\t\t\t\t<div class=\"inner-content\">\n\t\t\t\t\t\t<div class=\"icon-box\"><i class=\"icon flaticon-satisfaction\"><\/i><\/div>\n\t\t\t\t\t\t<h3>01 84 20 16 70<\/h3>\n\t\t\t\t\t<\/div>\n\t\t\t\t<\/div>\n\t\t\t\t\t\t\t\t<div class=\"col-lg-7 col-md-12 col-sm-12 content-column\">\n\t\t\t\t\t<div class=\"content_block_ten\">\n\t\t\t\t\t\t<div class=\"content-box\">\n\t\t\t\t\t\t\t\t\t\t\t\t\t\t<div class=\"sec-title-two light\">\n\t\t\t\t\t\t\t\t<span class=\"sub-title\">Disponible en Urgence ou sur rendez-vous !<\/span>\t\t\t\t\t\t\t\t<h2>Nos \u00e9tapes d'intervention<\/h2>\t\t\t\t\t\t\t<\/div>\n\t\t\t\t\t\t\t\t\t\t\t\t\t\t\t\t\t\t\t\t\t<div class=\"text\">\n\t\t\t\t\t\t\t\t<p>Notre \u00e9quipe de professionnels intervient \u00e0 votre domicile ou sur votre lieu de travail en urgence. Une prise en charge rapide et r\u00e9paration imm\u00e9diate.\nSi l\u2019urgence n\u2019est pas n\u00e9cessaire, nous intervenons sur rendez-vous en fonction de vos disponibilit\u00e9s. <\/p>\n\t\t\t\t\t\t\t<\/div>\n\t\t\t\t\t\t\t\t\t\t\t\t\t\t<div class=\"inner-box\">\n\t\t\t\t\t\t\t\t\t\t\t\t\t\t\t\t<div class=\"single-item\">\n\t\t\t\t\t\t\t\t\t<div class=\"icon-box\"><i class=\"icon flaticon-telephone\"><\/i><\/div>\n\t\t\t\t\t\t\t\t\t<h3>Par t\u00e9l\u00e9phone ou en ligne<\/h3>\n\t\t\t\t\t\t\t\t\t<p>Par t\u00e9l\u00e9phone ou en ligne, vous nous faites part de votre besoin en d\u00e9pannage<\/p>\n\t\t\t\t\t\t\t\t<\/div>\n\t\t\t\t\t\t\t\t\t\t\t\t\t\t\t\t<div class=\"single-item\">\n\t\t\t\t\t\t\t\t\t<div class=\"icon-box\"><i class=\"icon flaticon-engineer\"><\/i><\/div>\n\t\t\t\t\t\t\t\t\t<h3>un devis d\u00e9taill\u00e9<\/h3>\n\t\t\t\t\t\t\t\t\t<p>Un professionnel se pr\u00e9sente \u00e0 votre domicile et r\u00e9alise un devis d\u00e9taill\u00e9.<\/p>\n\t\t\t\t\t\t\t\t<\/div>\n\t\t\t\t\t\t\t\t\t\t\t\t\t\t\t\t<div class=\"single-item\">\n\t\t\t\t\t\t\t\t\t<div class=\"icon-box\"><i class=\"icon-home-repair\"><\/i><\/div>\n\t\t\t\t\t\t\t\t\t<h3>R\u00e9parations <\/h3>\n\t\t\t\t\t\t\t\t\t<p>Si le devis est valid\u00e9 les r\u00e9parations sont faites dans l\u2019imm\u00e9diat. Une fois l\u2019intervention termin\u00e9e, le paiement peut se faire en toute s\u00e9curit\u00e9<\/p>\n\t\t\t\t\t\t\t\t<\/div>\n\t\t\t\t\t\t\t\t\t\t\t\t\t\t\t<\/div>\n\t\t\t\t\t\t<\/div>\n\t\t\t\t\t<\/div>\n\t\t\t\t<\/div>\n\t\t\t<\/div>\n\t\t<\/div>\n\t<\/section>\n\t<!-- value-style-two end -->\n\t\n        \t\t<\/div>\n\t\t\t\t<\/div>\n\t\t\t\t\t<\/div>\n\t\t<\/div>\n\t\t\t\t\t<\/div>\n\t\t<\/section>\n\t\t\t\t<section class=\"elementor-section elementor-top-section elementor-element elementor-element-ad22eee elementor-section-full_width elementor-section-height-default elementor-section-height-default\" data-id=\"ad22eee\" data-element_type=\"section\" id=\"contact\" data-settings=\"{&quot;background_background&quot;:&quot;classic&quot;}\">\n\t\t\t\t\t\t<div class=\"elementor-container elementor-column-gap-default\">\n\t\t\t\t\t<div class=\"elementor-column elementor-col-100 elementor-top-column elementor-element elementor-element-868c6fe\" data-id=\"868c6fe\" data-element_type=\"column\" data-settings=\"{&quot;background_background&quot;:&quot;classic&quot;}\">\n\t\t\t<div class=\"elementor-widget-wrap elementor-element-populated\">\n\t\t\t\t\t\t<div class=\"elementor-element elementor-element-51f7292 elementor-widget elementor-widget-homlane_ta_appointment_form_v2\" data-id=\"51f7292\" data-element_type=\"widget\" data-widget_type=\"homlane_ta_appointment_form_v2.default\">\n\t\t\t\t<div class=\"elementor-widget-container\">\n\t\t\t    \n\t<!-- appointment-section -->\n\t<section class=\"appointment-section alternat-2\">\n\t\t<div class=\"bg-color\"><\/div>\n\t\t<div class=\"container\">\n\t\t\t<div class=\"row clearfix\">\n\t\t\t\t\t\t\t\t<div class=\"col-lg-4 col-md-12 col-sm-12 image-column\">\n\t\t\t\t\t<figure class=\"image-box\"><img decoding=\"async\" src=\"https:\/\/artisan-depanneur.com\/wp-content\/uploads\/2023\/10\/1-2.jpg\" alt=\"Awesome Image\"><\/figure>\n\t\t\t\t<\/div>\n\t\t\t\t\t\t\t\t<div class=\"col-lg-8 col-md-12 col-sm-12 inner-column\">\n\t\t\t\t\t<div class=\"inner-box\">\n\t\t\t\t\t\t\t\t\t\t\t\t<div class=\"form-inner\">\n\t\t\t\t\t\t\t\n<div class=\"wpcf7 no-js\" id=\"wpcf7-f1913-o1\" lang=\"en-US\" dir=\"ltr\">\n<div class=\"screen-reader-response\"><p role=\"status\" aria-live=\"polite\" aria-atomic=\"true\"><\/p> <ul><\/ul><\/div>\n<form action=\"\/index.php\/wp-json\/wp\/v2\/pages\/1395#wpcf7-f1913-o1\" method=\"post\" class=\"wpcf7-form init\" aria-label=\"Contact form\" novalidate=\"novalidate\" data-status=\"init\">\n<div style=\"display: none;\">\n<input type=\"hidden\" name=\"_wpcf7\" value=\"1913\" \/>\n<input type=\"hidden\" name=\"_wpcf7_version\" value=\"5.9.3\" \/>\n<input type=\"hidden\" name=\"_wpcf7_locale\" value=\"en_US\" \/>\n<input type=\"hidden\" name=\"_wpcf7_unit_tag\" value=\"wpcf7-f1913-o1\" \/>\n<input type=\"hidden\" name=\"_wpcf7_container_post\" value=\"0\" \/>\n<input type=\"hidden\" name=\"_wpcf7_posted_data_hash\" value=\"\" \/>\n<\/div>\n<div class=\"row clearfix\">\n\t<div class=\"col-lg-6 col-md-6 col-sm-12 form-group\">\n\t\t<p><span class=\"wpcf7-form-control-wrap\" data-name=\"your-name\"><input size=\"40\" class=\"wpcf7-form-control wpcf7-text wpcf7-validates-as-required\" aria-required=\"true\" aria-invalid=\"false\" placeholder=\"Nom et pr\u00e9nom\" value=\"\" type=\"text\" name=\"your-name\" \/><\/span>\n\t\t<\/p>\n\t<\/div>\n\t<div class=\"col-lg-6 col-md-6 col-sm-12 form-group\">\n\t\t<p><span class=\"wpcf7-form-control-wrap\" data-name=\"your-tel\"><input size=\"40\" class=\"wpcf7-form-control wpcf7-text wpcf7-validates-as-required\" aria-required=\"true\" aria-invalid=\"false\" placeholder=\"T\u00e9l\u00e9phone\" value=\"\" type=\"text\" name=\"your-tel\" \/><\/span>\n\t\t<\/p>\n\t<\/div>\n\t<div class=\"col-lg-6 col-md-6 col-sm-12 form-group\">\n\t\t<p><span class=\"wpcf7-form-control-wrap\" data-name=\"email-47\"><input size=\"40\" class=\"wpcf7-form-control wpcf7-email wpcf7-validates-as-required wpcf7-text wpcf7-validates-as-email\" aria-required=\"true\" aria-invalid=\"false\" placeholder=\"E-mail\" value=\"\" type=\"email\" name=\"email-47\" \/><\/span>\n\t\t<\/p>\n\t<\/div>\n\t<div class=\"col-lg-6 col-md-6 col-sm-12 form-group\">\n\t\t<p><span class=\"wpcf7-form-control-wrap\" data-name=\"menu-295\"><select class=\"wpcf7-form-control wpcf7-select wpcf7-validates-as-required selectpicker\" aria-required=\"true\" aria-invalid=\"false\" name=\"menu-295\"><option value=\"Choisissez un service\">Choisissez un service<\/option><option value=\"Serrurier\">Serrurier<\/option><option value=\"Plombier\">Plombier<\/option><\/select><\/span>\n\t\t<\/p>\n\t<\/div>\n\t<div class=\"col-lg-12 col-md-12 col-sm-12 form-group\">\n\t\t<p><span class=\"wpcf7-form-control-wrap\" data-name=\"your-message\"><textarea cols=\"40\" rows=\"10\" class=\"wpcf7-form-control wpcf7-textarea wpcf7-validates-as-required\" aria-required=\"true\" aria-invalid=\"false\" placeholder=\"Message\" name=\"your-message\"><\/textarea><\/span>\n\t\t<\/p>\n\t<\/div>\n\t<div class=\"col-lg-12 col-md-12 col-sm-12 form-group message-btn\">\n\t\t<p><button type=\"submit\" class=\"theme-btn-two\"><span>Envoyer<\/span><\/button>\n\t\t<\/p>\n\t<\/div>\n<\/div><div class=\"wpcf7-response-output\" aria-hidden=\"true\"><\/div>\n<\/form>\n<\/div>\n\t\t\t\t\t\t<\/div>\n\t\t\t\t\t<\/div>\n\t\t\t\t<\/div>\n\t\t\t<\/div>\n\t\t<\/div>\n\t<\/section>\n\t<!-- appointment-section end -->\n\n        \t\t<\/div>\n\t\t\t\t<\/div>\n\t\t\t\t\t<\/div>\n\t\t<\/div>\n\t\t\t\t\t<\/div>\n\t\t<\/section>\n\t\t\t\t<\/div>\n\t\t","protected":false},"excerpt":{"rendered":"<p>Service de Serrurier et Plomberie rapide est \u00e0 des prix abordables Nous vous offrons un service d\u2019urgence dot\u00e9 d\u2019un savoir-faire de qualit\u00e9. Nos techniciens, vous garantissent une disponibilit\u00e9 en semaine comme en week-end, faites appel \u00e0 nous. +33 1 84 20 16 70 Disponible en Urgence ou sur rendez-vous ! Appelez-Nous +33 1 84 20 [&hellip;]<\/p>\n","protected":false},"author":1,"featured_media":0,"parent":0,"menu_order":0,"comment_status":"closed","ping_status":"closed","template":"tpl-default-elementor.php","meta":{"footnotes":""},"_links":{"self":[{"href":"https:\/\/artisan-depanneur.com\/index.php\/wp-json\/wp\/v2\/pages\/1395"}],"collection":[{"href":"https:\/\/artisan-depanneur.com\/index.php\/wp-json\/wp\/v2\/pages"}],"about":[{"href":"https:\/\/artisan-depanneur.com\/index.php\/wp-json\/wp\/v2\/types\/page"}],"author":[{"embeddable":true,"href":"https:\/\/artisan-depanneur.com\/index.php\/wp-json\/wp\/v2\/users\/1"}],"replies":[{"embeddable":true,"href":"https:\/\/artisan-depanneur.com\/index.php\/wp-json\/wp\/v2\/comments?post=1395"}],"version-history":[{"count":370,"href":"https:\/\/artisan-depanneur.com\/index.php\/wp-json\/wp\/v2\/pages\/1395\/revisions"}],"predecessor-version":[{"id":4264,"href":"https:\/\/artisan-depanneur.com\/index.php\/wp-json\/wp\/v2\/pages\/1395\/revisions\/4264"}],"wp:attachment":[{"href":"https:\/\/artisan-depanneur.com\/index.php\/wp-json\/wp\/v2\/media?parent=1395"}],"curies":[{"name":"wp","href":"https:\/\/api.w.org\/{rel}","templated":true}]}}